{"id":115,"date":"2026-01-20T20:11:27","date_gmt":"2026-01-20T20:11:27","guid":{"rendered":"https:\/\/nutly.co.rs\/?post_type=product&#038;p=115"},"modified":"2026-01-21T16:53:32","modified_gmt":"2026-01-21T16:53:32","slug":"nutly-200g","status":"publish","type":"product","link":"https:\/\/nutly.co.rs\/sr\/product\/nutly-200g\/","title":{"rendered":"Nutly 200g"},"content":{"rendered":"<p>Fedezze fel a 100% term\u00e9szetes \u00f6sszetev\u0151kb\u0151l (72% mogyor\u00f3, 28% m\u00e9z) k\u00e9sz\u00fclt mogyor\u00f3kr\u00e9m\u00fcnket! Gondosan v\u00e1logatott, p\u00f6rk\u00f6lt mogyor\u00f3b\u00f3l \u00e9s termel\u0151i m\u00e9zb\u0151l k\u00e9sz\u00fcl, hozz\u00e1adott p\u00e1lmaolaj \u00e9s tart\u00f3s\u00edt\u00f3szerek n\u00e9lk\u00fcl. Selymes text\u00fara \u00e9s intenz\u00edv mogyor\u00f3 \u00edz minden \u00fcvegben. T\u00f6k\u00e9letes reggelire, palacsint\u00e1ba vagy csak mag\u00e1ban egy kan\u00e1llal.<\/p>","protected":false},"excerpt":{"rendered":"<p>100% term\u00e9szetes \u00f6sszetev\u0151k hozz\u00e1adott p\u00e1lmaolaj \u00e9s tart\u00f3s\u00edt\u00f3szer n\u00e9lk\u00fcl Kr\u00e9mes \u00e1llag, intenz\u00edv p\u00f6rk\u00f6lt mogyor\u00f3 \u00edz K\u00e9zm\u0171ves min\u0151s\u00e9g Vajdas\u00e1gb\u00f3l<\/p>","protected":false},"featured_media":59,"comment_status":"open","ping_status":"closed","template":"","meta":{"_monsterinsights_skip_tracking":false,"_monsterinsights_sitenote_active":false,"_monsterinsights_sitenote_note":"","_monsterinsights_sitenote_category":0},"product_brand":[],"product_cat":[18],"product_tag":[],"class_list":{"0":"post-115","1":"product","2":"type-product","3":"status-publish","4":"has-post-thumbnail","6":"product_cat-uncategorized","8":"first","9":"instock","10":"shipping-taxable","11":"purchasable","12":"product-type-simple"},"aioseo_notices":[],"jetpack_sharing_enabled":true,"_links":{"self":[{"href":"https:\/\/nutly.co.rs\/sr\/wp-json\/wp\/v2\/product\/115","targetHints":{"allow":["GET"]}}],"collection":[{"href":"https:\/\/nutly.co.rs\/sr\/wp-json\/wp\/v2\/product"}],"about":[{"href":"https:\/\/nutly.co.rs\/sr\/wp-json\/wp\/v2\/types\/product"}],"replies":[{"embeddable":true,"href":"https:\/\/nutly.co.rs\/sr\/wp-json\/wp\/v2\/comments?post=115"}],"wp:featuredmedia":[{"embeddable":true,"href":"https:\/\/nutly.co.rs\/sr\/wp-json\/wp\/v2\/media\/59"}],"wp:attachment":[{"href":"https:\/\/nutly.co.rs\/sr\/wp-json\/wp\/v2\/media?parent=115"}],"wp:term":[{"taxonomy":"product_brand","embeddable":true,"href":"https:\/\/nutly.co.rs\/sr\/wp-json\/wp\/v2\/product_brand?post=115"},{"taxonomy":"product_cat","embeddable":true,"href":"https:\/\/nutly.co.rs\/sr\/wp-json\/wp\/v2\/product_cat?post=115"},{"taxonomy":"product_tag","embeddable":true,"href":"https:\/\/nutly.co.rs\/sr\/wp-json\/wp\/v2\/product_tag?post=115"}],"curies":[{"name":"wp","href":"https:\/\/api.w.org\/{rel}","templated":true}]}}